{"id":130,"date":"2025-04-17T10:05:07","date_gmt":"2025-04-17T10:05:07","guid":{"rendered":"https:\/\/jorgereis.info\/maquina\/?page_id=130"},"modified":"2025-04-17T10:22:02","modified_gmt":"2025-04-17T10:22:02","slug":"sobre-nos","status":"publish","type":"page","link":"https:\/\/jorgereis.info\/maquina\/sobre-nos\/","title":{"rendered":"SOBRE N\u00d3S"},"content":{"rendered":"\t\t<div data-elementor-type=\"wp-page\" data-elementor-id=\"130\" class=\"elementor elementor-130\">\n\t\t\t\t<div class=\"elementor-element elementor-element-bcd086b e-grid e-con-boxed e-con e-parent\" data-id=\"bcd086b\" data-element_type=\"container\">\n\t\t\t\t\t<div class=\"e-con-inner\">\n\t\t\t\t<div class=\"elementor-element elementor-element-8f5d2f8 elementor-widget elementor-widget-image\" data-id=\"8f5d2f8\" data-element_type=\"widget\" data-widget_type=\"image.default\">\n\t\t\t\t<div class=\"elementor-widget-container\">\n\t\t\t\t\t\t\t\t\t\t\t\t\t\t\t<img decoding=\"async\" width=\"150\" height=\"150\" src=\"https:\/\/jorgereis.info\/maquina\/wp-content\/uploads\/2025\/04\/130799596_2816902465244654_3538269504644337713_n-150x150.jpg\" class=\"attachment-thumbnail size-thumbnail wp-image-34\" alt=\"\" srcset=\"https:\/\/jorgereis.info\/maquina\/wp-content\/uploads\/2025\/04\/130799596_2816902465244654_3538269504644337713_n-150x150.jpg 150w, https:\/\/jorgereis.info\/maquina\/wp-content\/uploads\/2025\/04\/130799596_2816902465244654_3538269504644337713_n-300x300.jpg 300w, https:\/\/jorgereis.info\/maquina\/wp-content\/uploads\/2025\/04\/130799596_2816902465244654_3538269504644337713_n-1024x1024.jpg 1024w, https:\/\/jorgereis.info\/maquina\/wp-content\/uploads\/2025\/04\/130799596_2816902465244654_3538269504644337713_n-768x768.jpg 768w, https:\/\/jorgereis.info\/maquina\/wp-content\/uploads\/2025\/04\/130799596_2816902465244654_3538269504644337713_n-100x100.jpg 100w, https:\/\/jorgereis.info\/maquina\/wp-content\/uploads\/2025\/04\/130799596_2816902465244654_3538269504644337713_n-320x320.jpg 320w, https:\/\/jorgereis.info\/maquina\/wp-content\/uploads\/2025\/04\/130799596_2816902465244654_3538269504644337713_n.jpg 1080w\" sizes=\"(max-width: 150px) 100vw, 150px\" \/>\t\t\t\t\t\t\t\t\t\t\t\t\t\t\t<\/div>\n\t\t\t\t<\/div>\n\t\t\t\t<div class=\"elementor-element elementor-element-0273703 elementor-widget elementor-widget-text-editor\" data-id=\"0273703\" data-element_type=\"widget\" data-widget_type=\"text-editor.default\">\n\t\t\t\t<div class=\"elementor-widget-container\">\n\t\t\t\t\t\t\t\t\t<div class=\"elementor-element elementor-element-34a25e4 elementor-widget elementor-widget-heading\" style=\"flex: 0 1 auto; order: 0; align-self: auto; flex-flow: row; place-content: normal; align-items: normal; gap: normal; --widgets-spacing: 20px; width: 490px; margin-bottom: 20px; color: #ffffff; font-family: Montserrat, Montserrat; font-size: 14px; background-color: #ffffff;\" data-id=\"34a25e4\" data-element_type=\"widget\" data-widget_type=\"heading.default\">\n<div class=\"elementor-widget-container\" style=\"transition: background 0.3s, border 0.3s, border-radius 0.3s, box-shadow 0.3s, transform 0.4s;\">\n<h1 class=\"elementor-heading-title elementor-size-default\" style=\"font-family: Playball, Roboto; font-weight: 600; color: #61713b; text-transform: uppercase; font-size: 18px !important;\"><strong>A nossa hist\u00f3ria<\/strong><\/h1>\n<div><strong>\u00a0<\/strong><\/div>\n<\/div>\n<\/div>\n<div class=\"elementor-element elementor-element-9323582 elementor-widget elementor-widget-text-editor\" style=\"flex: 0 1 auto; order: 0; align-self: auto; flex-flow: row; place-content: normal; align-items: normal; gap: normal; --widgets-spacing: 20px; color: #7a7a7a; font-family: Roboto, Roboto; font-weight: 400; width: 490px; font-size: 14px; background-color: #ffffff;\" data-id=\"9323582\" data-element_type=\"widget\" data-widget_type=\"text-editor.default\">\n<div class=\"elementor-widget-container\" style=\"transition: background 0.3s, border 0.3s, border-radius 0.3s, box-shadow 0.3s, transform 0.4s;\">\n<div class=\"elementor-text-editor elementor-clearfix\">\n<p style=\"margin: 0px; padding: 0px; line-height: 22px; letter-spacing: 0px;\">\u00a0No II Fiume, os sabores de It\u00e1lia s\u00e3o recordados a cada momento, desde as entradas \u00e0s sobremesas, passando pelas pastas e pizzas. As pizzas s\u00e3o o ex libris dos nossos restaurantes, t\u00eam em todo o processo toda a nossa dedica\u00e7\u00e3o. S\u00e3o pizzas frescas produzidas com as melhores farinhas italianas selecionadas, s\u00e3o compostas por 40% de \u00e1gua, queijo 100% mozzarella e ingredientes frescos e de elevada qualidade, cozinhadas em fornos de lenha. Todos estes elementos se conjugam na perfei\u00e7\u00e3o criando uma experi\u00eancia de sabores e aromas distinta. Disfrute das melhores pizzas tradicionais ou atreva-se e delicie-se com as nossas novas pizzas gourmet. Pode ainda criar a sua pr\u00f3pria pizza com os seus ingredientes prediletos.\u00a0<\/p>\n<\/div>\n<\/div>\n<\/div>\t\t\t\t\t\t\t\t<\/div>\n\t\t\t\t<\/div>\n\t\t\t\t\t<\/div>\n\t\t\t\t<\/div>\n\t\t<div class=\"elementor-element elementor-element-57d9baf e-flex e-con-boxed e-con e-parent\" data-id=\"57d9baf\" data-element_type=\"container\">\n\t\t\t\t\t<div class=\"e-con-inner\">\n\t\t\t\t\t<\/div>\n\t\t\t\t<\/div>\n\t\t\t\t<\/div>\n\t\t","protected":false},"excerpt":{"rendered":"<p>A nossa hist\u00f3ria \u00a0 \u00a0No II Fiume, os sabores de It\u00e1lia s\u00e3o recordados a cada&#8230;<\/p>\n","protected":false},"author":1,"featured_media":39,"parent":0,"menu_order":0,"comment_status":"closed","ping_status":"closed","template":"","meta":{"saved_in_kubio":false,"footnotes":""},"class_list":["post-130","page","type-page","status-publish","has-post-thumbnail","hentry"],"kubio_ai_page_context":{"short_desc":"","purpose":"general"},"_links":{"self":[{"href":"https:\/\/jorgereis.info\/maquina\/wp-json\/wp\/v2\/pages\/130","targetHints":{"allow":["GET"]}}],"collection":[{"href":"https:\/\/jorgereis.info\/maquina\/wp-json\/wp\/v2\/pages"}],"about":[{"href":"https:\/\/jorgereis.info\/maquina\/wp-json\/wp\/v2\/types\/page"}],"author":[{"embeddable":true,"href":"https:\/\/jorgereis.info\/maquina\/wp-json\/wp\/v2\/users\/1"}],"replies":[{"embeddable":true,"href":"https:\/\/jorgereis.info\/maquina\/wp-json\/wp\/v2\/comments?post=130"}],"version-history":[{"count":10,"href":"https:\/\/jorgereis.info\/maquina\/wp-json\/wp\/v2\/pages\/130\/revisions"}],"predecessor-version":[{"id":145,"href":"https:\/\/jorgereis.info\/maquina\/wp-json\/wp\/v2\/pages\/130\/revisions\/145"}],"wp:featuredmedia":[{"embeddable":true,"href":"https:\/\/jorgereis.info\/maquina\/wp-json\/wp\/v2\/media\/39"}],"wp:attachment":[{"href":"https:\/\/jorgereis.info\/maquina\/wp-json\/wp\/v2\/media?parent=130"}],"curies":[{"name":"wp","href":"https:\/\/api.w.org\/{rel}","templated":true}]}}